{"id":1507,"date":"2022-02-25T11:08:02","date_gmt":"2022-02-25T11:08:02","guid":{"rendered":"https:\/\/iruher.com\/politica-de-calidad-y-medio-ambiente\/"},"modified":"2024-07-30T09:02:28","modified_gmt":"2024-07-30T09:02:28","slug":"politique-qualite-et-environnement","status":"publish","type":"page","link":"https:\/\/www.iruher.com\/fr\/politique-qualite-et-environnement\/","title":{"rendered":"Politique Qualit\u00e9 et Environnement"},"content":{"rendered":"<div class=\"wpb-content-wrapper\"><p>[vc_row][vc_column][vc_column_text]Conscient de l&rsquo;influence de l&rsquo;am\u00e9lioration continue sur l&rsquo;augmentation de la productivit\u00e9, de la comp\u00e9titivit\u00e9, de la rentabilit\u00e9 et de la performance environnementale, iruher, s.a.l. \u00e9tablit un syst\u00e8me de gestion de la qualit\u00e9 et de l&rsquo;environnement document\u00e9.<\/p>\n<p>Pour parvenir \u00e0 cette am\u00e9lioration continue, tout le personnel d&rsquo;iruher s.a.l. s&rsquo;engage sur les objectifs du changement et non seulement compris comme l&rsquo;existence de techniques visant \u00e0 la production, \u00e0 son contr\u00f4le et \u00e0 la pr\u00e9vention de la contamination, mais comme une mani\u00e8re d&rsquo;\u00eatre, d&rsquo;agir et de penser. qui s&rsquo;\u00e9tend \u00e0 toutes les activit\u00e9s de l&rsquo;entreprise afin que chaque composant \u00ab donne au client ou \u00e0 la personne suivante dans le processus ce qui est requis, un produit ou un service adapt\u00e9 \u00e0 l&rsquo;usage et r\u00e9alis\u00e9 de telle mani\u00e8re que toutes les activit\u00e9s n\u00e9cessaires soient bien r\u00e9alis\u00e9es et que la premi\u00e8re temps, en \u00e9vitant le gaspillage et en r\u00e9duisant l&rsquo;impact environnemental de notre activit\u00e9.<\/p>\n<p>Les objectifs g\u00e9n\u00e9raux qui constituent les piliers fondamentaux pour la r\u00e9alisation de cette politique sont les suivants :<\/p>\n<ul>\n<li>Se donner les moyens de pr\u00e9venir l&rsquo;apparition de non-conformit\u00e9s, c&rsquo;est-\u00e0-dire d\u00e9velopper les aspects de pr\u00e9vention des d\u00e9fauts.<br \/>\nAtteindre la satisfaction des parties int\u00e9ress\u00e9es concernant la qualit\u00e9, le d\u00e9lai de livraison du produit et le service re\u00e7u.<\/li>\n<li>Impliquer toutes les personnes de l&rsquo;organisation dans la pr\u00e9paration et la mise en \u0153uvre du syst\u00e8me de gestion pour une meilleure satisfaction personnelle et une plus grande information.<\/li>\n<li>Am\u00e9liorer constamment la qualit\u00e9 et la productivit\u00e9 de chaque activit\u00e9 et, par cons\u00e9quent, r\u00e9duire les co\u00fbts, am\u00e9liorant ainsi la comp\u00e9titivit\u00e9.<\/li>\n<li>De m\u00eame, parvenir \u00e0 la r\u00e9duction des risques et \u00e0 l\u2019am\u00e9lioration des opportunit\u00e9s.<\/li>\n<li>Inclure des crit\u00e8res de durabilit\u00e9 dans toutes les phases du cycle de vie de nos produits.<\/li>\n<li>Exercer nos activit\u00e9s dans le respect de la l\u00e9gislation et de la r\u00e9glementation environnementale applicables, ainsi que des autres engagements que nous pourrions prendre. Tout cela dans un environnement et des conditions de travail s\u00fbrs et sains pour les travailleurs.<\/li>\n<li>Atteindre un niveau de mentalisation conforme au principe selon lequel nous sommes tous clients de tous, selon lequel la livraison du travail sans \u00e9chec est essentielle pour que l&rsquo;ensemble du processus se d\u00e9roule correctement.<\/li>\n<\/ul>\n<p>Cette politique sera revue pour v\u00e9rifier sa pertinence continue.<\/p>\n<p>Date et signature de l&rsquo;Adresse : 20\/12\/2021 I\u00d1AKI ARISTU EGUILLOR<\/p>\n<p><img loading=\"lazy\" decoding=\"async\" class=\"alignnone wp-image-882 \" src=\"https:\/\/iruher.com\/wp-content\/uploads\/2022\/02\/firma-politica-calidad-Iruher.jpg\" alt=\"\" width=\"148\" height=\"115\" srcset=\"https:\/\/www.iruher.com\/wp-content\/uploads\/2022\/02\/firma-politica-calidad-Iruher.jpg 420w, https:\/\/www.iruher.com\/wp-content\/uploads\/2022\/02\/firma-politica-calidad-Iruher-300x235.jpg 300w\" sizes=\"auto, (max-width: 148px) 100vw, 148px\" \/>[\/vc_column_text][\/vc_column][\/vc_row]<\/p>\n<\/div>","protected":false},"excerpt":{"rendered":"<p>[vc_row][vc_column][vc_column_text]Conscient de l&rsquo;influence de l&rsquo;am\u00e9lioration continue sur l&rsquo;augmentation de la productivit\u00e9, de la comp\u00e9titivit\u00e9, de la rentabilit\u00e9 et de la performance environnementale, iruher, s.a.l. \u00e9tablit un syst\u00e8me de gestion de la qualit\u00e9 et de l&rsquo;environnement document\u00e9. Pour parvenir \u00e0 cette am\u00e9lioration continue, tout le personnel d&rsquo;iruher s.a.l. s&rsquo;engage sur les objectifs du changement et non&hellip;<\/p>\n","protected":false},"author":2,"featured_media":0,"parent":0,"menu_order":0,"comment_status":"closed","ping_status":"closed","template":"","meta":{"footnotes":""},"class_list":["post-1507","page","type-page","status-publish","hentry","description-off"],"_links":{"self":[{"href":"https:\/\/www.iruher.com\/fr\/wp-json\/wp\/v2\/pages\/1507","targetHints":{"allow":["GET"]}}],"collection":[{"href":"https:\/\/www.iruher.com\/fr\/wp-json\/wp\/v2\/pages"}],"about":[{"href":"https:\/\/www.iruher.com\/fr\/wp-json\/wp\/v2\/types\/page"}],"author":[{"embeddable":true,"href":"https:\/\/www.iruher.com\/fr\/wp-json\/wp\/v2\/users\/2"}],"replies":[{"embeddable":true,"href":"https:\/\/www.iruher.com\/fr\/wp-json\/wp\/v2\/comments?post=1507"}],"version-history":[{"count":2,"href":"https:\/\/www.iruher.com\/fr\/wp-json\/wp\/v2\/pages\/1507\/revisions"}],"predecessor-version":[{"id":1512,"href":"https:\/\/www.iruher.com\/fr\/wp-json\/wp\/v2\/pages\/1507\/revisions\/1512"}],"wp:attachment":[{"href":"https:\/\/www.iruher.com\/fr\/wp-json\/wp\/v2\/media?parent=1507"}],"curies":[{"name":"wp","href":"https:\/\/api.w.org\/{rel}","templated":true}]}}