{"id":1499,"date":"2019-11-19T12:09:51","date_gmt":"2019-11-19T12:09:51","guid":{"rendered":"https:\/\/iruher.com\/condiciones-de-uso-aviso-legal\/"},"modified":"2024-07-30T08:46:04","modified_gmt":"2024-07-30T08:46:04","slug":"conditions-dutilisation-et-avis-legal","status":"publish","type":"page","link":"https:\/\/www.iruher.com\/fr\/conditions-dutilisation-et-avis-legal\/","title":{"rendered":"Conditions d\u00b4utilisation \/ Et avis l\u00e9gal"},"content":{"rendered":"\n<p>Conform\u00e9ment \u00e0 la Loi 34\/2002, du 11 juillet, sur les services de la soci\u00e9t\u00e9 de l&rsquo;information et le commerce \u00e9lectronique, IRUHER SAL vous informe qu&rsquo;elle est propri\u00e9taire du site web : www.iruher.com, conform\u00e9ment aux exigences de l&rsquo;article 10 de ladite Loi IRUHER SAL., notifie les donn\u00e9es suivantes :<\/p>\n\n\n\n<p>Le propri\u00e9taire de ce site web est IRUHER SAL., avec NIF\/CIF : A31200314, et si\u00e8ge social : POL\u00cdGONO MOCHOL\u00cd, C\/ NOAIN, N\u00ba6 31110, NOAIN (NAVARRA), inscrit au registre du commerce, volume 601, folio 90, page 6.331, 1\u00e8re inscription.<\/p>\n\n\n\n<p>L&rsquo;adresse \u00e9lectronique de contact est la suivante:&nbsp;<a href=\"mailto:administration@iruher.com\">administration@iruher.com<\/a><\/p>\n\n\n\n<h3 class=\"wp-block-heading\">L\u2019utilisateur et le r\u00e9gime de responsabilit\u00e9<\/h3>\n\n\n\n<p>La navigation par acc\u00e8s ou utilisation de la page web www.insupack.com et de tous les sous-domaines et r\u00e9pertoires qui y sont inclus, ainsi que les services ou contenus qui peuvent \u00eatre obtenus \u00e0 travers elle et tous les portails de domaine propre appartenant \u00e0 IRUHER SAL., conf\u00e8re la Condition d&rsquo;Utilisateur, par laquelle vous acceptez, en naviguant \u00e0 travers la page de IRUHER SAL toutes les conditions d&rsquo;utilisation qui sont \u00e9tablies ici, sans pr\u00e9judice de l&rsquo;application des r\u00e8glements correspondants d&rsquo;application l\u00e9gale obligatoire, le cas \u00e9ch\u00e9ant.<\/p>\n\n\n\n<p>Le site web d\u2019IRUHER SAL offre une grande diversit\u00e9 d&rsquo;informations, de services et de donn\u00e9es. L&rsquo;utilisateur assume la responsabilit\u00e9 de l&rsquo;utilisation correcte des sites web. Cette responsabilit\u00e9 s&rsquo;\u00e9tendra \u00e0 :<\/p>\n\n\n\n<ul class=\"wp-block-list\">\n<li>La v\u00e9racit\u00e9 et la l\u00e9galit\u00e9 des informations fournies par l&rsquo;utilisateur dans les formulaires \u00e9mis par IRUHER SAL pour acc\u00e9der \u00e0 certains contenus ou services offerts par la web.<\/li>\n\n\n\n<li>L&rsquo;utilisation de l&rsquo;information, des services et des donn\u00e9es offerts par IRUHER SAL \u00e0 l&rsquo;encontre des dispositions des pr\u00e9sentes conditions, de la Loi, de la morale, des bonnes coutumes ou de l&rsquo;ordre public ou qui, dans tout autre cas, peut entra\u00eener des dommages aux droits de tiers ou au fonctionnement des sites web. \u00c0 cet effet, l&rsquo;Utilisateur s&rsquo;abstiendra d&rsquo;utiliser l&rsquo;un quelconque des contenus \u00e0 des fins ou effets illicites, interdits dans le pr\u00e9sent texte, pr\u00e9judiciables aux droits et int\u00e9r\u00eats de tiers, ou qui, de quelque mani\u00e8re que ce soit, pourraient endommager, rendre inutile, surcharger, d\u00e9t\u00e9riorer ou emp\u00eacher l&rsquo;utilisation normale des contenus, des autres Utilisateurs ou de tout internaute (mat\u00e9riel et logiciel).<\/li>\n<\/ul>\n\n\n\n<h3 class=\"wp-block-heading\">Clause de non-responsabilit\u00e9 et responsabilit\u00e9 des liens<\/h3>\n\n\n\n<p>IRUHER SAL n&rsquo;est pas responsable du contenu des sites web auxquels l&rsquo;utilisateur peut acc\u00e9der \u00e0 travers les liens \u00e9tablis sur son site web et d\u00e9clare qu&rsquo;en aucun cas elle n&rsquo;examinera ni n&rsquo;exercera aucun type de contr\u00f4le sur le contenu d&rsquo;autres sites web. De m\u00eame, elle ne garantit pas la disponibilit\u00e9 technique, l&rsquo;exactitude, la v\u00e9racit\u00e9, la validit\u00e9 ou la l\u00e9galit\u00e9 des sites ext\u00e9rieurs \u00e0 sa propri\u00e9t\u00e9 auxquels il est possible d&rsquo;acc\u00e9der par le biais des liens.<\/p>\n\n\n\n<p>IRUHER SAL Les r\u00e9f\u00e9rences et les liens vers des sites Web tiers ne rel\u00e8vent pas de notre responsabilit\u00e9. Toute responsabilit\u00e9 pour de tels sites internet est rejet\u00e9e. L\u2019acc\u00e8s \u00e0 ces sites et leur utilisation se font aux risques des utilisateurs.<\/p>\n\n\n\n<h3 class=\"wp-block-heading\">Modifications<\/h3>\n\n\n\n<p>IRUHER SAL se r\u00e9serve le droit d&rsquo;effectuer les modifications qu&rsquo;elle consid\u00e8re opportunes, sans pr\u00e9avis, dans le contenu de son site web. Tant en ce qui concerne les contenus du site que les conditions d&rsquo;utilisation de ce dernier. Ces modifications pourront \u00eatre effectu\u00e9es \u00e0 travers son site web sous n&rsquo;importe quelle forme admissible par la loi et seront contraignantes pendant leur publication sur le site web et jusqu&rsquo;\u00e0 ce qu&rsquo;elles ne soient pas valablement modifi\u00e9es par des modifications ult\u00e9rieures.<\/p>\n\n\n\n<h3 class=\"wp-block-heading\">Protection des donn\u00e9es<\/h3>\n\n\n\n<p>Conform\u00e9ment \u00e0 la r\u00e9glementation en vigueur en mati\u00e8re de protection des donn\u00e9es \u00e0 caract\u00e8re personnel, nous vous informons que vos donn\u00e9es seront incorpor\u00e9es au syst\u00e8me de traitement appartenant \u00e0 IRUHER SAL, CIF A31200314, dont le si\u00e8ge social est situ\u00e9 \u00e0 POL\u00cdGONO MOCHOL\u00cd, C\/ NOAIN, N\u00ba6 31110, NOAIN (NAVARRA), afin de faciliter, d&rsquo;acc\u00e9l\u00e9rer et de remplir les engagements \u00e9tablis entre les deux parties. Conform\u00e9ment \u00e0 la r\u00e9glementation en vigueur, IRUHER SAL informe que les donn\u00e9es seront conserv\u00e9es pendant la p\u00e9riode strictement n\u00e9cessaire au respect des pr\u00e9ceptes susmentionn\u00e9s.<\/p>\n\n\n\n<p>Tant que vous ne nous informez pas du contraire, nous consid\u00e9rons que vos donn\u00e9es n&rsquo;ont pas \u00e9t\u00e9 modifi\u00e9es, que vous vous engagez \u00e0 nous notifier toute modification et que nous avons votre consentement pour les utiliser aux fins susmentionn\u00e9es.<\/p>\n\n\n\n<p>IRUHER SAL informe qu&rsquo;elle proc\u00e9dera au traitement des donn\u00e9es de mani\u00e8re licite, loyale, transparente, ad\u00e9quate, pertinente, limit\u00e9e, exacte et actualis\u00e9e. C&rsquo;est pourquoi IRUHER SAL s&rsquo;engage \u00e0 adopter toutes les mesures raisonnables pour que ces donn\u00e9es soient supprim\u00e9es ou rectifi\u00e9es sans d\u00e9lai lorsqu&rsquo;elles sont inexactes.<\/p>\n\n\n\n<p>Conform\u00e9ment aux droits conf\u00e9r\u00e9s par la l\u00e9gislation en vigueur en mati\u00e8re de protection des donn\u00e9es, vous pouvez exercer vos droits d&rsquo;acc\u00e8s, de rectification, de limitation du traitement, de suppression, de portabilit\u00e9 et d&rsquo;opposition au traitement de vos donn\u00e9es personnelles ainsi qu&rsquo;au consentement donn\u00e9 pour le traitement de celles-ci, en envoyant votre demande \u00e0 l&rsquo;adresse postale indiqu\u00e9e ci-dessus ou \u00e0 l&rsquo;adresse \u00e9lectronique administracion@iruher.com.<\/p>\n\n\n\n<p>Vous pouvez vous adresser \u00e0 l&rsquo;autorit\u00e9 de contr\u00f4le comp\u00e9tente pour pr\u00e9senter toute r\u00e9clamation que vous jugerez appropri\u00e9e.<\/p>\n\n\n\n<h3 class=\"wp-block-heading\">Propri\u00e9t\u00e9 intellectuelle et industrielle<\/h3>\n\n\n\n<p>IRUHER SAL, par elle-m\u00eame ou en tant que cessionnaire, est titulaire de tous les droits de propri\u00e9t\u00e9 intellectuelle et industrielle de sa page web, ainsi que des \u00e9l\u00e9ments contenus dans celle-ci (\u00e0 titre d&rsquo;exemple, images, son, audio, vid\u00e9o, logiciel ou textes ; marques ou logos, combinaisons de couleurs, structure et conception, s\u00e9lection des mat\u00e9riaux utilis\u00e9s, programmes informatiques n\u00e9cessaires \u00e0 son fonctionnement, acc\u00e8s et utilisation, etc. Il s&rsquo;agit donc d&rsquo;\u0153uvres prot\u00e9g\u00e9es en tant que propri\u00e9t\u00e9 intellectuelle par le syst\u00e8me juridique espagnol, auxquelles s&rsquo;appliquent les r\u00e9glementations espagnoles et communautaires en la mati\u00e8re, ainsi que les trait\u00e9s internationaux sign\u00e9s par l&rsquo;Espagne en la mati\u00e8re.<\/p>\n\n\n\n<p>Tous les droits sont r\u00e9serv\u00e9s. En vertu des dispositions de la loi sur la propri\u00e9t\u00e9 intellectuelle, la reproduction, la distribution et la communication publique, y compris sa modalit\u00e9 de mise \u00e0 disposition, de tout ou partie des contenus de ce site Web, \u00e0 des fins commerciales, sur tout support et par tout moyen technique, sans l&rsquo;autorisation d&rsquo;IRUHER SAL, sont express\u00e9ment interdites.<\/p>\n\n\n\n<p>L&rsquo;utilisateur s&rsquo;engage \u00e0 respecter les droits de propri\u00e9t\u00e9 intellectuelle et industrielle d\u00e9tenus par IRUHER SAL. L&rsquo;utilisateur pourra visualiser les \u00e9l\u00e9ments du portail et m\u00eame les imprimer, les copier et les stocker sur le disque dur de son ordinateur ou sur tout autre support physique, \u00e0 condition que ce soit uniquement et exclusivement pour son usage personnel et priv\u00e9. L&rsquo;utilisateur doit s&rsquo;abstenir d&rsquo;effacer, d&rsquo;alt\u00e9rer, de contourner ou de manipuler tout dispositif de protection ou syst\u00e8me de s\u00e9curit\u00e9 install\u00e9 dans les pages d&rsquo;IRUHER SAL.<\/p>\n\n\n\n<h3 class=\"wp-block-heading\">Actions en justice, l\u00e9gislation applicable et juridiction<\/h3>\n\n\n\n<p>IRUHER SAL se r\u00e9serve \u00e9galement le droit d&rsquo;intenter les actions civiles ou p\u00e9nales qu&rsquo;elle consid\u00e8re opportunes en cas d&rsquo;utilisation inappropri\u00e9e de son site Web et de ses contenus, ou en cas de non-respect des pr\u00e9sentes conditions.<\/p>\n\n\n\n<p>La relation entre l&rsquo;utilisateur et le fournisseur sera r\u00e9gie par la r\u00e9glementation en vigueur et applicable sur le territoire espagnol. En cas de litige, les parties pourront soumettre leurs conflits \u00e0 l&rsquo;arbitrage ou s&rsquo;en remettre \u00e0 la juridiction ordinaire, en respectant les r\u00e8gles de juridiction et de comp\u00e9tence en la mati\u00e8re. IRUHER SAL est domicili\u00e9e \u00e0 NAVARRA, en Espagne.<\/p>\n","protected":false},"excerpt":{"rendered":"<p>Conform\u00e9ment \u00e0 la Loi 34\/2002, du 11 juillet, sur les services de la soci\u00e9t\u00e9 de l&rsquo;information et le commerce \u00e9lectronique, IRUHER SAL vous informe qu&rsquo;elle est propri\u00e9taire du site web : www.iruher.com, conform\u00e9ment aux exigences de l&rsquo;article 10 de ladite Loi IRUHER SAL., notifie les donn\u00e9es suivantes : Le propri\u00e9taire de ce site web est&hellip;<\/p>\n","protected":false},"author":1,"featured_media":0,"parent":0,"menu_order":0,"comment_status":"closed","ping_status":"closed","template":"","meta":{"footnotes":""},"class_list":["post-1499","page","type-page","status-publish","hentry","description-off"],"_links":{"self":[{"href":"https:\/\/www.iruher.com\/fr\/wp-json\/wp\/v2\/pages\/1499","targetHints":{"allow":["GET"]}}],"collection":[{"href":"https:\/\/www.iruher.com\/fr\/wp-json\/wp\/v2\/pages"}],"about":[{"href":"https:\/\/www.iruher.com\/fr\/wp-json\/wp\/v2\/types\/page"}],"author":[{"embeddable":true,"href":"https:\/\/www.iruher.com\/fr\/wp-json\/wp\/v2\/users\/1"}],"replies":[{"embeddable":true,"href":"https:\/\/www.iruher.com\/fr\/wp-json\/wp\/v2\/comments?post=1499"}],"version-history":[{"count":1,"href":"https:\/\/www.iruher.com\/fr\/wp-json\/wp\/v2\/pages\/1499\/revisions"}],"predecessor-version":[{"id":1503,"href":"https:\/\/www.iruher.com\/fr\/wp-json\/wp\/v2\/pages\/1499\/revisions\/1503"}],"wp:attachment":[{"href":"https:\/\/www.iruher.com\/fr\/wp-json\/wp\/v2\/media?parent=1499"}],"curies":[{"name":"wp","href":"https:\/\/api.w.org\/{rel}","templated":true}]}}