{"id":1405,"date":"2019-11-29T13:25:51","date_gmt":"2019-11-29T13:25:51","guid":{"rendered":"https:\/\/iruher.com\/products\/"},"modified":"2024-06-25T14:22:17","modified_gmt":"2024-06-25T14:22:17","slug":"produits","status":"publish","type":"page","link":"https:\/\/www.iruher.com\/fr\/produits\/","title":{"rendered":"Produits"},"content":{"rendered":"<div class=\"wpb-content-wrapper\"><p>[vc_row][vc_column][vc_custom_heading text=\u00a0\u00bbNotre gamme de produits\u00a0\u00bb font_container=\u00a0\u00bbtag:h2|text_align:center\u00a0\u00bb use_theme_fonts=\u00a0\u00bbyes\u00a0\u00bb][vc_separator color=\u00a0\u00bbcustom\u00a0\u00bb border_width=\u00a0\u00bb3&Prime; el_width=\u00a0\u00bb10&Prime; accent_color=\u00a0\u00bb#9a1816&Prime;][vc_column_text]<\/p>\n<p style=\"text-align: center;\">Iruher<strong> con\u00e7oit et fabrique des outils de coupe<\/strong> pour les machines-outils.<\/p>\n<p style=\"text-align: center;\">Sp\u00e9cialiste des <strong>forets, fraises, al\u00e9soirs, plaques et lames, outils de serrage m\u00e9canique, fraises<\/strong>, etc.<\/p>\n<p style=\"text-align: center;\">Travaille le <strong>carbure<\/strong> monobloc, le carbure bras\u00e9, <strong>l&rsquo;acier<\/strong> rapide et le <strong>diamant polycristallin<\/strong>.<\/p>\n<p>[\/vc_column_text][\/vc_column][\/vc_row][vc_row full_width=\u00a0\u00bbstretch_row\u00a0\u00bb content_placement=\u00a0\u00bbmiddle\u00a0\u00bb bg_type=\u00a0\u00bbimage\u00a0\u00bb parallax_style=\u00a0\u00bbvcpb-default\u00a0\u00bb bg_image_new=\u00a0\u00bbid^114|url^https:\/\/iruher.com\/wp-content\/uploads\/2019\/11\/herramientas-diamante-policristalino.jpg|caption^herramientas-diamante-policristalino|alt^herramientas-diamante-policristalino|title^herramientas-diamante-policristalino|description^herramientas-diamante-policristalino\u00a0\u00bb bg_image_repeat=\u00a0\u00bbno-repeat\u00a0\u00bb bg_image_size=\u00a0\u00bbinitial\u00a0\u00bb bg_image_posiiton=\u00a0\u00bb50% 0px\u00a0\u00bb enable_overlay=\u00a0\u00bbenable_overlay_value\u00a0\u00bb overlay_color=\u00a0\u00bbrgba(0,0,0,0.5)\u00a0\u00bb overlay_pattern=\u00a0\u00bbtransperant\u00a0\u00bb el_id=\u00a0\u00bbdiamante\u00a0\u00bb css=\u00a0\u00bb.vc_custom_1638186301955{margin-top: 20px !important;margin-bottom: 10px !important;}\u00a0\u00bb][vc_column width=\u00a0\u00bb2\/3&Prime;][vc_custom_heading text=\u00a0\u00bbDIAMANT POLYCRISTALLIN\u00a0\u00bb font_container=\u00a0\u00bbtag:h2|text_align:left|color:%23ffffff\u00a0\u00bb use_theme_fonts=\u00a0\u00bbyes\u00a0\u00bb link=\u00a0\u00bburl:https%3A%2F%2Firuher.com%2Fproducto%2Fdiamante-policristalino%2F|title:Diamante%20Policristalino||\u00a0\u00bb][vc_column_text el_class=\u00a0\u00bbblanco\u00a0\u00bb]Nous fabriquons des outils en diamant polycristallin tr\u00e8s fiables pour le march\u00e9 exigeant de l&rsquo;usinage de composants dans les secteurs de l&rsquo;automobile et de l&rsquo;a\u00e9ronautique.[\/vc_column_text][\/vc_column][vc_column width=\u00a0\u00bb1\/3&Prime;]<span id=\"creative-link-wrap-9843\" class=\"ult_main_cl ult-adjust-bottom-margin  \" >\n\t \t\t\t<span class=\"ult_cl_link_1  ult_crlink\" >\n\t\t\t\t\t<a  data-ultimate-target='#creative-link-wrap-9843 .ult_colorlink'  data-responsive-json-new='{\"font-size\":\"\",\"line-height\":\"\"}'  href=\"https:\/\/iruher.com\/en\/producto\/polycrystalline-diamond\/\" title=\"Polycrystalline Diamond\"  class=\"ult_colorlink ult-responsive \" style=\"float:right;font-weight:normal;color:#ffffff; \"  data-textcolor=\"#ffffff\" data-texthover=\"#ffffff\"data-style=\"Style_1\">\n\t\t\t\t\t\t\n\t\t\t\t\t\t<span data-hover=\"\u25ba Plus d&#039;informations sur\" style=\"color:#ffffff;;;\" class=\"ult_btn10_span   \">\u25ba Plus d'informations sur<\/span>\n\t\t\t\t\t\t\n\t\t\t\t\t<\/a>\n\t\t\t\t<\/span>\n\t\t\t<\/span>[\/vc_column][\/vc_row][vc_row full_width=\u00a0\u00bbstretch_row\u00a0\u00bb content_placement=\u00a0\u00bbmiddle\u00a0\u00bb bg_type=\u00a0\u00bbimage\u00a0\u00bb parallax_style=\u00a0\u00bbvcpb-default\u00a0\u00bb bg_image_new=\u00a0\u00bbid^813|url^https:\/\/iruher.com\/wp-content\/uploads\/2021\/11\/herramientas-diamante-policristalino-banner-producto-2.jpg|caption^null|alt^null|title^herramientas-diamante-policristalino-banner-producto-2|description^null\u00a0\u00bb bg_image_repeat=\u00a0\u00bbno-repeat\u00a0\u00bb bg_image_size=\u00a0\u00bbinitial\u00a0\u00bb bg_image_posiiton=\u00a0\u00bb50% 0px\u00a0\u00bb bg_override=\u00a0\u00bbfull\u00a0\u00bb enable_overlay=\u00a0\u00bbenable_overlay_value\u00a0\u00bb overlay_color=\u00a0\u00bbrgba(0,0,0,0.5)\u00a0\u00bb overlay_pattern=\u00a0\u00bbtransperant\u00a0\u00bb css=\u00a0\u00bb.vc_custom_1638188841919{margin-top: 10px !important;margin-bottom: 10px !important;}\u00a0\u00bb][vc_column width=\u00a0\u00bb2\/3&Prime;][vc_custom_heading text=\u00a0\u00bbLAMES ULTRASONIQUES\u00a0\u00bb font_container=\u00a0\u00bbtag:h2|text_align:left|color:%23ffffff\u00a0\u00bb use_theme_fonts=\u00a0\u00bbyes\u00a0\u00bb link=\u00a0\u00bburl:https%3A%2F%2Firuher.com%2Fproject%2Fcuchillas-ultrasonido%2F|title:Diamante%20Policristalino||\u00a0\u00bb][vc_column_text el_class=\u00a0\u00bbblanco\u00a0\u00bb]Nous disposons d&rsquo;une technologie de pointe qui nous permet de fabriquer des lames ultrasoniques avec une garantie maximale. Les lames ultrasoniques sont id\u00e9ales pour le secteur a\u00e9ronautique.[\/vc_column_text][\/vc_column][vc_column width=\u00a0\u00bb1\/3&Prime;]<span id=\"creative-link-wrap-4718\" class=\"ult_main_cl ult-adjust-bottom-margin  \" >\n\t \t\t\t<span class=\"ult_cl_link_1  ult_crlink\" >\n\t\t\t\t\t<a  data-ultimate-target='#creative-link-wrap-4718 .ult_colorlink'  data-responsive-json-new='{\"font-size\":\"\",\"line-height\":\"\"}'  href=\"https:\/\/iruher.com\/en\/producto\/ultrasonic-blades\/\" title=\"Ultrasonic blades\"  class=\"ult_colorlink ult-responsive \" style=\"float:right;font-weight:normal;color:#ffffff; \"  data-textcolor=\"#ffffff\" data-texthover=\"#ffffff\"data-style=\"Style_1\">\n\t\t\t\t\t\t\n\t\t\t\t\t\t<span data-hover=\"\u25ba Plus d&#039;informations sur\" style=\"color:#ffffff;;;\" class=\"ult_btn10_span   \">\u25ba Plus d'informations sur<\/span>\n\t\t\t\t\t\t\n\t\t\t\t\t<\/a>\n\t\t\t\t<\/span>\n\t\t\t<\/span>[\/vc_column][\/vc_row][vc_row full_width=\u00a0\u00bbstretch_row\u00a0\u00bb content_placement=\u00a0\u00bbmiddle\u00a0\u00bb bg_type=\u00a0\u00bbimage\u00a0\u00bb parallax_style=\u00a0\u00bbvcpb-default\u00a0\u00bb bg_image_new=\u00a0\u00bbid^815|url^https:\/\/iruher.com\/wp-content\/uploads\/2021\/11\/brocas-iruher.jpg|caption^null|alt^null|title^brocas-iruher|description^null\u00a0\u00bb bg_image_repeat=\u00a0\u00bbno-repeat\u00a0\u00bb bg_image_size=\u00a0\u00bbinitial\u00a0\u00bb bg_image_posiiton=\u00a0\u00bb50% 0px\u00a0\u00bb enable_overlay=\u00a0\u00bbenable_overlay_value\u00a0\u00bb overlay_color=\u00a0\u00bbrgba(0,0,0,0.5)\u00a0\u00bb overlay_pattern=\u00a0\u00bbtransperant\u00a0\u00bb css=\u00a0\u00bb.vc_custom_1638189331828{margin-top: 10px !important;margin-bottom: 10px !important;}\u00a0\u00bb][vc_column width=\u00a0\u00bb2\/3&Prime;][vc_custom_heading text=\u00a0\u00bbFORETS\u00a0\u00bb font_container=\u00a0\u00bbtag:h2|text_align:left|color:%23ffffff\u00a0\u00bb use_theme_fonts=\u00a0\u00bbyes\u00a0\u00bb link=\u00a0\u00bburl:https%3A%2F%2Firuher.com%2Fproducto%2Fbrocas%2F|title:Diamante%20Policristalino||\u00a0\u00bb][vc_column_text el_class=\u00a0\u00bbblanco\u00a0\u00bb]Les forets peuvent \u00eatre fabriqu\u00e9s avec des dents droites ou h\u00e9lico\u00efdales, avec un refroidissement interne conventionnel ou MQL et avec n&rsquo;importe quel type de serrage.[\/vc_column_text][\/vc_column][vc_column width=\u00a0\u00bb1\/3&Prime;]<span id=\"creative-link-wrap-6456\" class=\"ult_main_cl ult-adjust-bottom-margin  \" >\n\t \t\t\t<span class=\"ult_cl_link_1  ult_crlink\" >\n\t\t\t\t\t<a  data-ultimate-target='#creative-link-wrap-6456 .ult_colorlink'  data-responsive-json-new='{\"font-size\":\"\",\"line-height\":\"\"}'  href=\"https:\/\/iruher.com\/en\/producto\/drills\/\" title=\"Drills\"  class=\"ult_colorlink ult-responsive \" style=\"float:right;font-weight:normal;color:#ffffff; \"  data-textcolor=\"#ffffff\" data-texthover=\"#ffffff\"data-style=\"Style_1\">\n\t\t\t\t\t\t\n\t\t\t\t\t\t<span data-hover=\"\u25ba Plus d&#039;informations sur\" style=\"color:#ffffff;;;\" class=\"ult_btn10_span   \">\u25ba Plus d'informations sur<\/span>\n\t\t\t\t\t\t\n\t\t\t\t\t<\/a>\n\t\t\t\t<\/span>\n\t\t\t<\/span>[\/vc_column][\/vc_row][vc_row full_width=\u00a0\u00bbstretch_row\u00a0\u00bb content_placement=\u00a0\u00bbmiddle\u00a0\u00bb bg_type=\u00a0\u00bbimage\u00a0\u00bb parallax_style=\u00a0\u00bbvcpb-default\u00a0\u00bb bg_image_new=\u00a0\u00bbid^816|url^https:\/\/iruher.com\/wp-content\/uploads\/2021\/11\/escariadores-iruher.jpg|caption^null|alt^null|title^escariadores-iruher|description^null\u00a0\u00bb bg_image_repeat=\u00a0\u00bbno-repeat\u00a0\u00bb bg_image_size=\u00a0\u00bbinitial\u00a0\u00bb bg_image_posiiton=\u00a0\u00bb50% 0px\u00a0\u00bb enable_overlay=\u00a0\u00bbenable_overlay_value\u00a0\u00bb overlay_color=\u00a0\u00bbrgba(0,0,0,0.5)\u00a0\u00bb overlay_pattern=\u00a0\u00bbtransperant\u00a0\u00bb css=\u00a0\u00bb.vc_custom_1638189699605{margin-top: 10px !important;margin-bottom: 10px !important;}\u00a0\u00bb][vc_column width=\u00a0\u00bb2\/3&Prime;][vc_custom_heading text=\u00a0\u00bb\u00c1LESOIRS\u00a0\u00bb font_container=\u00a0\u00bbtag:h2|text_align:left|color:%23ffffff\u00a0\u00bb use_theme_fonts=\u00a0\u00bbyes\u00a0\u00bb link=\u00a0\u00bburl:https%3A%2F%2Firuher.com%2Fproducto%2Fescariadores%2F|title:Diamante%20Policristalino||\u00a0\u00bb][vc_column_text el_class=\u00a0\u00bbblanco\u00a0\u00bb]Nos al\u00e9soirs sont con\u00e7us pour r\u00e9aliser l&rsquo;usinage optimal de trous complexes avec des exigences \u00e9lev\u00e9es, tant en termes de tol\u00e9rance que d&rsquo;\u00e9tat de surface.[\/vc_column_text][\/vc_column][vc_column width=\u00a0\u00bb1\/3&Prime;]<span id=\"creative-link-wrap-6479\" class=\"ult_main_cl ult-adjust-bottom-margin  \" >\n\t \t\t\t<span class=\"ult_cl_link_1  ult_crlink\" >\n\t\t\t\t\t<a  data-ultimate-target='#creative-link-wrap-6479 .ult_colorlink'  data-responsive-json-new='{\"font-size\":\"\",\"line-height\":\"\"}'  href=\"https:\/\/iruher.com\/en\/producto\/reamers\/\" title=\"Reamers\"  class=\"ult_colorlink ult-responsive \" style=\"float:right;font-weight:normal;color:#ffffff; \"  data-textcolor=\"#ffffff\" data-texthover=\"#ffffff\"data-style=\"Style_1\">\n\t\t\t\t\t\t\n\t\t\t\t\t\t<span data-hover=\"\u25ba Plus d&#039;informations sur\" style=\"color:#ffffff;;;\" class=\"ult_btn10_span   \">\u25ba Plus d'informations sur<\/span>\n\t\t\t\t\t\t\n\t\t\t\t\t<\/a>\n\t\t\t\t<\/span>\n\t\t\t<\/span>[\/vc_column][\/vc_row][vc_row full_width=\u00a0\u00bbstretch_row\u00a0\u00bb content_placement=\u00a0\u00bbmiddle\u00a0\u00bb bg_type=\u00a0\u00bbimage\u00a0\u00bb parallax_style=\u00a0\u00bbvcpb-default\u00a0\u00bb bg_image_new=\u00a0\u00bbid^818|url^https:\/\/iruher.com\/wp-content\/uploads\/2021\/11\/fresas-iruher.jpg|caption^null|alt^null|title^fresas-iruher|description^null\u00a0\u00bb bg_image_repeat=\u00a0\u00bbno-repeat\u00a0\u00bb bg_image_size=\u00a0\u00bbinitial\u00a0\u00bb bg_image_posiiton=\u00a0\u00bb50% 0px\u00a0\u00bb enable_overlay=\u00a0\u00bbenable_overlay_value\u00a0\u00bb overlay_color=\u00a0\u00bbrgba(0,0,0,0.5)\u00a0\u00bb overlay_pattern=\u00a0\u00bbtransperant\u00a0\u00bb css=\u00a0\u00bb.vc_custom_1638190372748{margin-top: 10px !important;margin-bottom: 10px !important;}\u00a0\u00bb][vc_column width=\u00a0\u00bb2\/3&Prime;][vc_custom_heading text=\u00a0\u00bbFRAISES\u00a0\u00bb font_container=\u00a0\u00bbtag:h2|text_align:left|color:%23ffffff\u00a0\u00bb use_theme_fonts=\u00a0\u00bbyes\u00a0\u00bb link=\u00a0\u00bburl:https%3A%2F%2Firuher.com%2Fproducto%2Ffresas%2F|title:Diamante%20Policristalino||\u00a0\u00bb][vc_column_text el_class=\u00a0\u00bbblanco\u00a0\u00bb]Les fraises peuvent \u00eatre \u00e0 denture droite ou h\u00e9lico\u00efdale, avec une gamme compl\u00e8te de diam\u00e8tres \u00d8, de formes ou de filets. Nous disposons d&rsquo;une large gamme de mod\u00e8les sp\u00e9ciaux, chacun convenant \u00e0 une application d&rsquo;usinage particuli\u00e8re.[\/vc_column_text][\/vc_column][vc_column width=\u00a0\u00bb1\/3&Prime;]<span id=\"creative-link-wrap-4924\" class=\"ult_main_cl ult-adjust-bottom-margin  \" >\n\t \t\t\t<span class=\"ult_cl_link_1  ult_crlink\" >\n\t\t\t\t\t<a  data-ultimate-target='#creative-link-wrap-4924 .ult_colorlink'  data-responsive-json-new='{\"font-size\":\"\",\"line-height\":\"\"}'  href=\"https:\/\/iruher.com\/en\/producto\/milling-cutters\/\" title=\"Milling cutters\"  class=\"ult_colorlink ult-responsive \" style=\"float:right;font-weight:normal;color:#ffffff; \"  data-textcolor=\"#ffffff\" data-texthover=\"#ffffff\"data-style=\"Style_1\">\n\t\t\t\t\t\t\n\t\t\t\t\t\t<span data-hover=\"\u25ba Plus d&#039;informations sur\" style=\"color:#ffffff;;;\" class=\"ult_btn10_span   \">\u25ba Plus d'informations sur<\/span>\n\t\t\t\t\t\t\n\t\t\t\t\t<\/a>\n\t\t\t\t<\/span>\n\t\t\t<\/span>[\/vc_column][\/vc_row][vc_row full_width=\u00a0\u00bbstretch_row\u00a0\u00bb content_placement=\u00a0\u00bbmiddle\u00a0\u00bb bg_type=\u00a0\u00bbimage\u00a0\u00bb parallax_style=\u00a0\u00bbvcpb-default\u00a0\u00bb bg_image_new=\u00a0\u00bbid^820|url^https:\/\/iruher.com\/wp-content\/uploads\/2021\/11\/sujecion-mecanica-iruher.jpg|caption^null|alt^null|title^sujecion-mecanica-iruher|description^null\u00a0\u00bb bg_image_repeat=\u00a0\u00bbno-repeat\u00a0\u00bb bg_image_size=\u00a0\u00bbinitial\u00a0\u00bb bg_image_posiiton=\u00a0\u00bb50% 0px\u00a0\u00bb enable_overlay=\u00a0\u00bbenable_overlay_value\u00a0\u00bb overlay_color=\u00a0\u00bbrgba(0,0,0,0.5)\u00a0\u00bb overlay_pattern=\u00a0\u00bbtransperant\u00a0\u00bb css=\u00a0\u00bb.vc_custom_1638190686276{margin-top: 10px !important;margin-bottom: 10px !important;}\u00a0\u00bb][vc_column width=\u00a0\u00bb2\/3&Prime;][vc_custom_heading text=\u00a0\u00bbOUTILS DE<br \/>\nSERRAGE M\u00c9CANIQUES\u00a0\u00bb font_container=\u00a0\u00bbtag:h2|text_align:left|color:%23ffffff\u00a0\u00bb use_theme_fonts=\u00a0\u00bbyes\u00a0\u00bb link=\u00a0\u00bburl:https%3A%2F%2Firuher.com%2Fproducto%2Fherramienta-sujecion-mecanica%2F|title:Diamante%20Policristalino||\u00a0\u00bb][vc_column_text el_class=\u00a0\u00bbblanco\u00a0\u00bb]Nous concevons et fabriquons des outils de serrage m\u00e9caniques sp\u00e9ciaux qui apportent une solution \u00e0 des applications complexes n\u00e9cessitant des formes sp\u00e9cifiques pour des inserts interchangeables.[\/vc_column_text][\/vc_column][vc_column width=\u00a0\u00bb1\/3&Prime;]<span id=\"creative-link-wrap-8489\" class=\"ult_main_cl ult-adjust-bottom-margin  \" >\n\t \t\t\t<span class=\"ult_cl_link_1  ult_crlink\" >\n\t\t\t\t\t<a  data-ultimate-target='#creative-link-wrap-8489 .ult_colorlink'  data-responsive-json-new='{\"font-size\":\"\",\"line-height\":\"\"}'  href=\"https:\/\/iruher.com\/en\/producto\/mechanical-clamping-tools\/\" title=\"Mechanical clamping tools\"  class=\"ult_colorlink ult-responsive \" style=\"float:right;font-weight:normal;color:#ffffff; \"  data-textcolor=\"#ffffff\" data-texthover=\"#ffffff\"data-style=\"Style_1\">\n\t\t\t\t\t\t\n\t\t\t\t\t\t<span data-hover=\"\u25ba Plus d&#039;informations sur\" style=\"color:#ffffff;;;\" class=\"ult_btn10_span   \">\u25ba Plus d'informations sur<\/span>\n\t\t\t\t\t\t\n\t\t\t\t\t<\/a>\n\t\t\t\t<\/span>\n\t\t\t<\/span>[\/vc_column][\/vc_row][vc_row][vc_column][vc_btn title=\u00a0\u00bbT\u00c9L\u00c9CHARGER LE CATALOGUE\u00a0\u00bb style=\u00a0\u00bbgradient-custom\u00a0\u00bb gradient_custom_color_1=\u00a0\u00bb#9a1816&Prime; gradient_custom_color_2=\u00a0\u00bb#601211&Prime; size=\u00a0\u00bblg\u00a0\u00bb align=\u00a0\u00bbcenter\u00a0\u00bb i_icon_fontawesome=\u00a0\u00bbfas fa-file-pdf\u00a0\u00bb add_icon=\u00a0\u00bbtrue\u00a0\u00bb link=\u00a0\u00bburl:https%3A%2F%2Firuher.com%2Fwp-content%2Fuploads%2F2019%2F12%2Fcatalogo-general-es.pdf|||\u00a0\u00bb][vc_empty_space height=\u00a0\u00bb10px\u00a0\u00bb][\/vc_column][\/vc_row]<\/p>\n<\/div>","protected":false},"excerpt":{"rendered":"<p>[vc_row][vc_column][vc_custom_heading text=\u00a0\u00bbNotre gamme de produits\u00a0\u00bb font_container=\u00a0\u00bbtag:h2|text_align:center\u00a0\u00bb use_theme_fonts=\u00a0\u00bbyes\u00a0\u00bb][vc_separator color=\u00a0\u00bbcustom\u00a0\u00bb border_width=\u00a0\u00bb3&Prime; el_width=\u00a0\u00bb10&Prime; accent_color=\u00a0\u00bb#9a1816&Prime;][vc_column_text] Iruher con\u00e7oit et fabrique des outils de coupe pour les machines-outils. Sp\u00e9cialiste des forets, fraises, al\u00e9soirs, plaques et lames, outils de serrage m\u00e9canique, fraises, etc. Travaille le carbure monobloc, le carbure bras\u00e9, l&rsquo;acier rapide et le diamant polycristallin. [\/vc_column_text][\/vc_column][\/vc_row][vc_row full_width=\u00a0\u00bbstretch_row\u00a0\u00bb content_placement=\u00a0\u00bbmiddle\u00a0\u00bb bg_type=\u00a0\u00bbimage\u00a0\u00bb parallax_style=\u00a0\u00bbvcpb-default\u00a0\u00bb bg_image_new=\u00a0\u00bbid^114|url^https:\/\/iruher.com\/wp-content\/uploads\/2019\/11\/herramientas-diamante-policristalino.jpg|caption^herramientas-diamante-policristalino|alt^herramientas-diamante-policristalino|title^herramientas-diamante-policristalino|description^herramientas-diamante-policristalino\u00a0\u00bb&hellip;<\/p>\n","protected":false},"author":1,"featured_media":0,"parent":0,"menu_order":0,"comment_status":"closed","ping_status":"closed","template":"","meta":{"footnotes":""},"class_list":["post-1405","page","type-page","status-publish","hentry","description-off"],"_links":{"self":[{"href":"https:\/\/www.iruher.com\/fr\/wp-json\/wp\/v2\/pages\/1405","targetHints":{"allow":["GET"]}}],"collection":[{"href":"https:\/\/www.iruher.com\/fr\/wp-json\/wp\/v2\/pages"}],"about":[{"href":"https:\/\/www.iruher.com\/fr\/wp-json\/wp\/v2\/types\/page"}],"author":[{"embeddable":true,"href":"https:\/\/www.iruher.com\/fr\/wp-json\/wp\/v2\/users\/1"}],"replies":[{"embeddable":true,"href":"https:\/\/www.iruher.com\/fr\/wp-json\/wp\/v2\/comments?post=1405"}],"version-history":[{"count":2,"href":"https:\/\/www.iruher.com\/fr\/wp-json\/wp\/v2\/pages\/1405\/revisions"}],"predecessor-version":[{"id":1455,"href":"https:\/\/www.iruher.com\/fr\/wp-json\/wp\/v2\/pages\/1405\/revisions\/1455"}],"wp:attachment":[{"href":"https:\/\/www.iruher.com\/fr\/wp-json\/wp\/v2\/media?parent=1405"}],"curies":[{"name":"wp","href":"https:\/\/api.w.org\/{rel}","templated":true}]}}