{"id":1400,"date":"2019-11-19T11:38:25","date_gmt":"2019-11-19T11:38:25","guid":{"rendered":"https:\/\/iruher.com\/about-us\/"},"modified":"2024-06-25T14:15:43","modified_gmt":"2024-06-25T14:15:43","slug":"a-propos-de-nous","status":"publish","type":"page","link":"https:\/\/www.iruher.com\/fr\/a-propos-de-nous\/","title":{"rendered":"\u00c0 Propos de Nous"},"content":{"rendered":"<div class=\"wpb-content-wrapper\"><p>[vc_row][vc_column][vc_custom_heading text=\u00a0\u00bb\u00c0 Propos de Nous\u00a0\u00bb font_container=\u00a0\u00bbtag:h1|text_align:center|color:%23000000&Prime; use_theme_fonts=\u00a0\u00bbyes\u00a0\u00bb][vc_empty_space height=\u00a0\u00bb15px\u00a0\u00bb][\/vc_column][\/vc_row][vc_row][vc_column]<div id=\"ultimate-video-290969e4015648149\" class=\"ult-video  ult-adjust-bottom-margin ultimate-video-290969e4015648149 ultv-522 \"><div class=\"ultv-video ultv-aspect-ratio-16_9 ultv-subscribe-responsive-none\" data-videotype=\"uv_iframe\">\n\t\t\t\t\t\t<div class=\"ultv-video__outer-wrap\" data-autoplay=\"0\" data-device=\"false\"  data-iconbg=\"#3A3A3A\" data-overcolor=\"\" data-defaultbg=\"#1f1f1e\" data-defaultplay=\"defaulticon\"><div class=\"ultv-video__play\" data-src=\"https:\/\/www.youtube.com\/embed\/cZdje2t6_Jg?rel=0&#038;start&#038;end&#038;controls=1&#038;mute=0&#038;modestbranding=0&#038;autoplay=1\">\n\t\t\t\t\t\t\t\t<img decoding=\"async\" class=\"ultv-video__thumb\" src=\"https:\/\/i.ytimg.com\/vi\/cZdje2t6_Jg\/maxresdefault.jpg\"\/>\n\t\t\t\t\t\t\t\t<div class=\"ultv-video__play-icon  ultv-animation-none\" style=\"width:75px\"><svg height=\"100%\" version=\"1.1\" viewBox=\"0 0 68 48\" width=\"100%\"><path class=\"ultv-youtube-icon-bg\" d=\"m .66,37.62 c 0,0 .66,4.70 2.70,6.77 2.58,2.71 5.98,2.63 7.49,2.91 5.43,.52 23.10,.68 23.12,.68 .00,-1.3e-5 14.29,-0.02 23.81,-0.71 1.32,-0.15 4.22,-0.17 6.81,-2.89 2.03,-2.07 2.70,-6.77 2.70,-6.77 0,0 .67,-5.52 .67,-11.04 l 0,-5.17 c 0,-5.52 -0.67,-11.04 -0.67,-11.04 0,0 -0.66,-4.70 -2.70,-6.77 C 62.03,.86 59.13,.84 57.80,.69 48.28,0 34.00,0 34.00,0 33.97,0 19.69,0 10.18,.69 8.85,.84 5.95,.86 3.36,3.58 1.32,5.65 .66,10.35 .66,10.35 c 0,0 -0.55,4.50 -0.66,9.45 l 0,8.36 c .10,4.94 .66,9.45 .66,9.45 z\" fill=\"#1f1f1e\" ><\/path><path d=\"m 26.96,13.67 18.37,9.62 -18.37,9.55 -0.00,-19.17 z\" fill=\"#fff\"><\/path><path d=\"M 45.02,23.46 45.32,23.28 26.96,13.67 43.32,22.34 45.02,23.46 z\" fill=\"#ccc\"><\/path><\/svg><\/div> <\/div> <\/div><\/div><\/div>[\/vc_column][\/vc_row][vc_row disable_element=\u00a0\u00bbyes\u00a0\u00bb css=\u00a0\u00bb.vc_custom_1658406064436{margin-top: 30px !important;margin-bottom: 30px !important;padding-top: 10px !important;padding-bottom: 10px !important;}\u00a0\u00bb][vc_column][vc_video link=\u00a0\u00bbhttps:\/\/youtu.be\/8K6aeRRkxGI\u00a0\u00bb][\/vc_column][\/vc_row][vc_row content_placement=\u00a0\u00bbtop\u00a0\u00bb css=\u00a0\u00bb.vc_custom_1658395587022{margin-top: 60px !important;margin-bottom: 60px !important;padding-top: 10px !important;padding-bottom: 10px !important;}\u00a0\u00bb][vc_column width=\u00a0\u00bb1\/3&Prime;][vc_custom_heading text=\u00a0\u00bbUne r\u00e9f\u00e9rence en mati\u00e8re d\u2019outils de coupe, de solutions et de services de coupe avanc\u00e9s.\u00a0\u00bb use_theme_fonts=\u00a0\u00bbyes\u00a0\u00bb css=\u00a0\u00bb.vc_custom_1719324584954{margin-top: 20px !important;margin-right: 20px !important;border-right-width: 2px !important;padding-right: 10px !important;border-right-color: #9a1816 !important;border-right-style: solid !important;}\u00a0\u00bb][\/vc_column][vc_column width=\u00a0\u00bb2\/3&Prime;][vc_column_text]Depuis 1988, nous nous consacrons \u00e0<strong> l&rsquo;\u00e9tude, \u00e0 la conception et \u00e0 la fabrication de tous les types d&rsquo;outils de coupe sp\u00e9ciaux pour les machines-outils<\/strong>.<\/p>\n<p>Nous travaillons principalement pour les secteurs de l&rsquo;a\u00e9ronautique et de l&rsquo;automobile. En raison des exigences sp\u00e9cifiques de ces secteurs, nous avons besoin et disposons d&rsquo;un personnel hautement qualifi\u00e9, ainsi que de moyens de production conformes \u00e0 nos besoins.<\/p>\n<p>Gr\u00e2ce \u00e0 l&rsquo;exp\u00e9rience acquise tout au long de notre activit\u00e9, \u00e0 l&rsquo;attention particuli\u00e8re port\u00e9e \u00e0 chaque client et \u00e0 l&rsquo;\u00e9volution du march\u00e9, nous avons toujours r\u00e9ussi \u00e0 r\u00e9pondre aux attentes plac\u00e9es en nous.<\/p>\n<p>Qualit\u00e9, pr\u00e9cision, exp\u00e9rience, service \u00e0 la client\u00e8le, d\u00e9lais et prix sont les \u00e9l\u00e9ments qui nous distinguent de nos concurrents.[\/vc_column_text][\/vc_column][\/vc_row][vc_row css=\u00a0\u00bb.vc_custom_1658395516402{margin-top: 30px !important;margin-bottom: 30px !important;padding-top: 10px !important;padding-bottom: 10px !important;}\u00a0\u00bb][vc_column][vc_single_image image=\u00a0\u00bb877&Prime; img_size=\u00a0\u00bb900&#215;500&Prime; alignment=\u00a0\u00bbcenter\u00a0\u00bb css_animation=\u00a0\u00bbfadeIn\u00a0\u00bb][\/vc_column][\/vc_row][vc_row full_width=\u00a0\u00bbstretch_row\u00a0\u00bb content_placement=\u00a0\u00bbtop\u00a0\u00bb css=\u00a0\u00bb.vc_custom_1658396136009{margin-top: 60px !important;margin-bottom: 10px !important;padding-top: 10px !important;padding-bottom: 10px !important;}\u00a0\u00bb][vc_column width=\u00a0\u00bb1\/3&Prime;][vc_custom_heading text=\u00a0\u00bbL\u2019\u00e9quipe humaine est la base de la qualit\u00e9 de notre service.\u00a0\u00bb use_theme_fonts=\u00a0\u00bbyes\u00a0\u00bb css=\u00a0\u00bb.vc_custom_1719324634180{margin-top: 20px !important;margin-right: 20px !important;border-right-width: 2px !important;padding-right: 10px !important;border-right-color: #9a1816 !important;border-right-style: solid !important;}\u00a0\u00bb][\/vc_column][vc_column width=\u00a0\u00bb2\/3&Prime;][vc_column_text]Nous sommes engag\u00e9s dans un projet socio-\u00e9conomique bas\u00e9 sur les personnes.<\/p>\n<p>Nous disposons d&rsquo;une \u00e9quipe hautement qualifi\u00e9e, avec une identit\u00e9 coop\u00e9rative et un engagement dans la fabrication d&rsquo;outils de coupe de haute qualit\u00e9.<\/p>\n<p>La formation constante de notre \u00e9quipe nous permet d&rsquo;offrir un service innovant et moderne.<\/p>\n<p>Nous partageons l&rsquo;objectif de g\u00e9n\u00e9rer de la richesse et de l&#8217;emploi de mani\u00e8re durable dans un environnement local et international.[\/vc_column_text][\/vc_column][\/vc_row][vc_row][vc_column][vc_single_image image=\u00a0\u00bb771&Prime; img_size=\u00a0\u00bbfull\u00a0\u00bb alignment=\u00a0\u00bbcenter\u00a0\u00bb][\/vc_column][\/vc_row][vc_row full_width=\u00a0\u00bbstretch_row\u00a0\u00bb content_placement=\u00a0\u00bbmiddle\u00a0\u00bb bg_type=\u00a0\u00bbbg_color\u00a0\u00bb bg_color_value=\u00a0\u00bb#e8e8e8&Prime;][vc_column width=\u00a0\u00bb1\/4&Prime;][\/vc_column][vc_column width=\u00a0\u00bb1\/2&Prime;][vc_custom_heading text=\u00a0\u00bbLA QUALIT\u00c9 EST LE MODE DE VIE DE NOTRE ENTREPRISE\u00a0\u00bb font_container=\u00a0\u00bbtag:h2|text_align:center\u00a0\u00bb use_theme_fonts=\u00a0\u00bbyes\u00a0\u00bb][\/vc_column][vc_column width=\u00a0\u00bb1\/4&Prime;][\/vc_column][\/vc_row][vc_row full_width=\u00a0\u00bbstretch_row\u00a0\u00bb content_placement=\u00a0\u00bbmiddle\u00a0\u00bb bg_type=\u00a0\u00bbbg_color\u00a0\u00bb bg_color_value=\u00a0\u00bb#e8e8e8&Prime;][vc_column width=\u00a0\u00bb1\/4&Prime;][\/vc_column][vc_column width=\u00a0\u00bb1\/2&Prime;][vc_column_text]<\/p>\n<p style=\"text-align: center;\">L&rsquo;exp\u00e9rience acquise au fil des ans nous permet d&rsquo;obtenir<strong> les meilleurs r\u00e9sultats pour chaque processus de travail<\/strong> et d&rsquo;am\u00e9liorer la qualit\u00e9 finale du produit.<\/p>\n<p style=\"text-align: center;\">Nous accordons une attention particuli\u00e8re aux <strong>contr\u00f4les de qualit\u00e9 de la production<\/strong> afin de respecter le niveau d&rsquo;engagement envers notre \u00e9quipe et nos clients, en nous conformant \u00e0 toutes les exigences des normes internationales.<\/p>\n<p style=\"text-align: center;\">Nous disposons de machines de haute technologie qui nous permettent d&rsquo;atteindre<strong> la pr\u00e9cision et la fiabilit\u00e9 maximales<\/strong> requises dans un secteur industriel rigoureux et exigeant.<\/p>\n<p>[\/vc_column_text][\/vc_column][vc_column width=\u00a0\u00bb1\/4&Prime;][\/vc_column][\/vc_row][vc_row full_width=\u00a0\u00bbstretch_row\u00a0\u00bb content_placement=\u00a0\u00bbmiddle\u00a0\u00bb bg_type=\u00a0\u00bbbg_color\u00a0\u00bb bg_color_value=\u00a0\u00bb#e8e8e8&Prime;][vc_column width=\u00a0\u00bb1\/4&Prime;][\/vc_column][vc_column width=\u00a0\u00bb1\/2&Prime;][vc_row_inner][vc_column_inner width=\u00a0\u00bb1\/3&Prime;][vc_btn title=\u00a0\u00bbISO 9001:2015&Prime; style=\u00a0\u00bbgradient-custom\u00a0\u00bb gradient_custom_color_1=\u00a0\u00bb#9a1816&Prime; gradient_custom_color_2=\u00a0\u00bb#601211&Prime; size=\u00a0\u00bbsm\u00a0\u00bb align=\u00a0\u00bbcenter\u00a0\u00bb i_icon_fontawesome=\u00a0\u00bbfar fa-file-pdf\u00a0\u00bb add_icon=\u00a0\u00bbtrue\u00a0\u00bb link=\u00a0\u00bburl:https%3A%2F%2Firuher.com%2Fwp-content%2Fuploads%2F2022%2F02%2FISO-9001_2015_IRUHER.pdf\u00a0\u00bb][\/vc_column_inner][vc_column_inner width=\u00a0\u00bb1\/3&Prime;][vc_btn title=\u00a0\u00bbISO 14001:2015&Prime; style=\u00a0\u00bbgradient-custom\u00a0\u00bb gradient_custom_color_1=\u00a0\u00bb#9a1816&Prime; gradient_custom_color_2=\u00a0\u00bb#601211&Prime; size=\u00a0\u00bbsm\u00a0\u00bb align=\u00a0\u00bbcenter\u00a0\u00bb i_icon_fontawesome=\u00a0\u00bbfar fa-file-pdf\u00a0\u00bb add_icon=\u00a0\u00bbtrue\u00a0\u00bb link=\u00a0\u00bburl:https%3A%2F%2Firuher.com%2Fwp-content%2Fuploads%2F2022%2F02%2FISO-14001_2015_IRUHER.pdf\u00a0\u00bb][\/vc_column_inner][vc_column_inner width=\u00a0\u00bb1\/3&Prime;][vc_btn title=\u00a0\u00bbPolitique de qualit\u00e9 et d&rsquo;environnement\u00a0\u00bb style=\u00a0\u00bbgradient-custom\u00a0\u00bb gradient_custom_color_1=\u00a0\u00bb#9a1816&Prime; gradient_custom_color_2=\u00a0\u00bb#601211&Prime; size=\u00a0\u00bbxs\u00a0\u00bb align=\u00a0\u00bbcenter\u00a0\u00bb i_icon_fontawesome=\u00a0\u00bbfar fa-file-pdf\u00a0\u00bb button_block=\u00a0\u00bbtrue\u00a0\u00bb add_icon=\u00a0\u00bbtrue\u00a0\u00bb link=\u00a0\u00bburl:https%3A%2F%2Firuher.com%2Fwp-content%2Fuploads%2F2022%2F02%2FPOLITICA-CALID_MEDIOAMB_IRUHER-002.pdf\u00a0\u00bb][\/vc_column_inner][\/vc_row_inner][\/vc_column][vc_column width=\u00a0\u00bb1\/4&Prime;][\/vc_column][\/vc_row][vc_row full_width=\u00a0\u00bbstretch_row\u00a0\u00bb content_placement=\u00a0\u00bbtop\u00a0\u00bb css=\u00a0\u00bb.vc_custom_1604502278910{margin-top: 60px !important;margin-bottom: 60px !important;padding-top: 10px !important;padding-bottom: 10px !important;}\u00a0\u00bb][vc_column width=\u00a0\u00bb1\/3&Prime;][vc_custom_heading text=\u00a0\u00bbChaque client et chaque projet sont uniques.\u00a0\u00bb use_theme_fonts=\u00a0\u00bbyes\u00a0\u00bb css=\u00a0\u00bb.vc_custom_1719324757947{margin-top: 20px !important;margin-right: 20px !important;border-right-width: 2px !important;padding-right: 10px !important;border-right-color: #9a1816 !important;border-right-style: solid !important;}\u00a0\u00bb][\/vc_column][vc_column width=\u00a0\u00bb2\/3&Prime;][vc_column_text]Les projets de nos clients sont exclusifs, chacun d&rsquo;entre eux pr\u00e9sente des caract\u00e9ristiques d&rsquo;usinage particuli\u00e8res, c&rsquo;est pourquoi nous les traitons en cons\u00e9quence.<\/p>\n<p>Dans un premier temps, notre d\u00e9partement technique analyse les particularit\u00e9s du projet et, sur la base de notre exp\u00e9rience en mati\u00e8re d&rsquo;outillage, propose un projet individualis\u00e9 du d\u00e9but \u00e0 la fin pour obtenir la pi\u00e8ce dans son int\u00e9gralit\u00e9.<\/p>\n<p>Apr\u00e8s la fabrication compl\u00e8te du projet, le suivi et l&rsquo;attention sont totaux.<\/p>\n<p>Nous travaillons main dans la main, du d\u00e9but \u00e0 la fin.[\/vc_column_text][\/vc_column][\/vc_row][vc_row full_width=\u00a0\u00bbstretch_row\u00a0\u00bb bg_type=\u00a0\u00bbimage\u00a0\u00bb parallax_style=\u00a0\u00bbvcpb-default\u00a0\u00bb bg_image_new=\u00a0\u00bbid^761|url^https:\/\/iruher.com\/wp-content\/uploads\/2021\/11\/iruher-nosotros-filosofia.jpg|caption^iruher-nosotros-filosofia|alt^iruher-nosotros-filosofia|title^iruher-nosotros-filosofia|description^iruher-nosotros-filosofia\u00a0\u00bb css=\u00a0\u00bb.vc_custom_1637327094033{margin-bottom: -100px !important;padding-top: 40px !important;padding-bottom: 40px !important;}\u00a0\u00bb][vc_column width=\u00a0\u00bb5\/5&Prime;][vc_custom_heading text=\u00a0\u00bbPHILOSOPHIE D\u2019IRUHER\u00a0\u00bb font_container=\u00a0\u00bbtag:h1|text_align:center|color:%23ffffff\u00a0\u00bb use_theme_fonts=\u00a0\u00bbyes\u00a0\u00bb][vc_separator color=\u00a0\u00bbcustom\u00a0\u00bb border_width=\u00a0\u00bb3&Prime; el_width=\u00a0\u00bb10&Prime; accent_color=\u00a0\u00bb#9a1816&Prime;][\/vc_column][vc_column width=\u00a0\u00bb1\/5&Prime;][vc_single_image image=\u00a0\u00bb707&Prime; img_size=\u00a0\u00bbfull\u00a0\u00bb alignment=\u00a0\u00bbcenter\u00a0\u00bb][vc_custom_heading text=\u00a0\u00bbL&rsquo;innovation\u00a0\u00bb font_container=\u00a0\u00bbtag:h3|text_align:center|color:%23ffffff\u00a0\u00bb use_theme_fonts=\u00a0\u00bbyes\u00a0\u00bb css=\u00a0\u00bb.vc_custom_1719324857580{margin-bottom: 5px !important;}\u00a0\u00bb][vc_empty_space height=\u00a0\u00bb12px\u00a0\u00bb][vc_column_text el_class=\u00a0\u00bbtextoblanco\u00a0\u00bb]<\/p>\n<p style=\"text-align: center;\">Nous sommes pr\u00eats et ouverts aux changements constants. Nous offrons un service innovant et moderne.<\/p>\n<p>[\/vc_column_text][\/vc_column][vc_column width=\u00a0\u00bb1\/5&Prime;][vc_single_image image=\u00a0\u00bb714&Prime; img_size=\u00a0\u00bbfull\u00a0\u00bb alignment=\u00a0\u00bbcenter\u00a0\u00bb][vc_custom_heading text=\u00a0\u00bbQualit\u00e9\u00a0\u00bb font_container=\u00a0\u00bbtag:h3|text_align:center|color:%23ffffff\u00a0\u00bb use_theme_fonts=\u00a0\u00bbyes\u00a0\u00bb css=\u00a0\u00bb.vc_custom_1719324874202{margin-bottom: 5px !important;}\u00a0\u00bb][vc_empty_space height=\u00a0\u00bb12px\u00a0\u00bb][vc_column_text el_class=\u00a0\u00bbtextoblanco\u00a0\u00bb]<\/p>\n<p style=\"text-align: center;\">Engag\u00e9s dans l&rsquo;am\u00e9lioration continue de chaque processus de travail et de la qualit\u00e9 finale du produit.<\/p>\n<p>[\/vc_column_text][\/vc_column][vc_column width=\u00a0\u00bb1\/5&Prime;][vc_single_image image=\u00a0\u00bb712&Prime; img_size=\u00a0\u00bbfull\u00a0\u00bb alignment=\u00a0\u00bbcenter\u00a0\u00bb][vc_custom_heading text=\u00a0\u00bbOrientation client\u00a0\u00bb font_container=\u00a0\u00bbtag:h3|text_align:center|color:%23ffffff\u00a0\u00bb use_theme_fonts=\u00a0\u00bbyes\u00a0\u00bb css=\u00a0\u00bb.vc_custom_1719324886602{margin-bottom: 5px !important;}\u00a0\u00bb][vc_empty_space height=\u00a0\u00bb12px\u00a0\u00bb][vc_column_text el_class=\u00a0\u00bbtextoblanco\u00a0\u00bb]<\/p>\n<p style=\"text-align: center;\">Nous sommes conscients des besoins de nos clients afin de leur fournir les meilleures solutions.<\/p>\n<p>[\/vc_column_text][\/vc_column][vc_column width=\u00a0\u00bb1\/5&Prime;][vc_single_image image=\u00a0\u00bb710&Prime; img_size=\u00a0\u00bbfull\u00a0\u00bb alignment=\u00a0\u00bbcenter\u00a0\u00bb][vc_custom_heading text=\u00a0\u00bbEngagement\u00a0\u00bb font_container=\u00a0\u00bbtag:h3|text_align:center|color:%23ffffff\u00a0\u00bb use_theme_fonts=\u00a0\u00bbyes\u00a0\u00bb css=\u00a0\u00bb.vc_custom_1719324900266{margin-bottom: 5px !important;}\u00a0\u00bb][vc_empty_space height=\u00a0\u00bb12px\u00a0\u00bb][vc_column_text el_class=\u00a0\u00bbtextoblanco\u00a0\u00bb]<\/p>\n<p style=\"text-align: center;\">Impliqu\u00e9 dans tous les processus de production. Coh\u00e9rents et cons\u00e9quents dans nos d\u00e9cisions.<\/p>\n<p>[\/vc_column_text][\/vc_column][vc_column width=\u00a0\u00bb1\/5&Prime;][vc_single_image image=\u00a0\u00bb711&Prime; img_size=\u00a0\u00bbfull\u00a0\u00bb alignment=\u00a0\u00bbcenter\u00a0\u00bb][vc_custom_heading text=\u00a0\u00bbDiff\u00e9renciation\u00a0\u00bb font_container=\u00a0\u00bbtag:h3|text_align:center|color:%23ffffff\u00a0\u00bb use_theme_fonts=\u00a0\u00bbyes\u00a0\u00bb css=\u00a0\u00bb.vc_custom_1719324918429{margin-bottom: 5px !important;}\u00a0\u00bb][vc_empty_space height=\u00a0\u00bb12px\u00a0\u00bb][vc_column_text el_class=\u00a0\u00bbtextoblanco\u00a0\u00bb]<\/p>\n<p style=\"text-align: center;\">Nous nous diff\u00e9rencions en termes de d\u00e9lais et de prix, de qualit\u00e9, de pr\u00e9cision, d&rsquo;exp\u00e9rience, de transparence et de service \u00e0 la client\u00e8le.<\/p>\n<p>[\/vc_column_text][\/vc_column][\/vc_row]<\/p>\n<\/div>","protected":false},"excerpt":{"rendered":"<p>[vc_row][vc_column][vc_custom_heading text=\u00a0\u00bb\u00c0 Propos de Nous\u00a0\u00bb font_container=\u00a0\u00bbtag:h1|text_align:center|color:%23000000&Prime; use_theme_fonts=\u00a0\u00bbyes\u00a0\u00bb][vc_empty_space height=\u00a0\u00bb15px\u00a0\u00bb][\/vc_column][\/vc_row][vc_row][vc_column][\/vc_column][\/vc_row][vc_row disable_element=\u00a0\u00bbyes\u00a0\u00bb css=\u00a0\u00bb.vc_custom_1658406064436{margin-top: 30px !important;margin-bottom: 30px !important;padding-top: 10px !important;padding-bottom: 10px !important;}\u00a0\u00bb][vc_column][vc_video link=\u00a0\u00bbhttps:\/\/youtu.be\/8K6aeRRkxGI\u00a0\u00bb][\/vc_column][\/vc_row][vc_row content_placement=\u00a0\u00bbtop\u00a0\u00bb css=\u00a0\u00bb.vc_custom_1658395587022{margin-top: 60px !important;margin-bottom: 60px !important;padding-top: 10px !important;padding-bottom: 10px !important;}\u00a0\u00bb][vc_column width=\u00a0\u00bb1\/3&Prime;][vc_custom_heading text=\u00a0\u00bbUne r\u00e9f\u00e9rence en mati\u00e8re d\u2019outils de coupe, de solutions et de services de coupe avanc\u00e9s.\u00a0\u00bb use_theme_fonts=\u00a0\u00bbyes\u00a0\u00bb css=\u00a0\u00bb.vc_custom_1719324584954{margin-top: 20px !important;margin-right: 20px !important;border-right-width: 2px !important;padding-right: 10px !important;border-right-color:&hellip;<\/p>\n","protected":false},"author":1,"featured_media":0,"parent":0,"menu_order":0,"comment_status":"closed","ping_status":"closed","template":"","meta":{"footnotes":""},"class_list":["post-1400","page","type-page","status-publish","hentry","description-off"],"_links":{"self":[{"href":"https:\/\/www.iruher.com\/fr\/wp-json\/wp\/v2\/pages\/1400","targetHints":{"allow":["GET"]}}],"collection":[{"href":"https:\/\/www.iruher.com\/fr\/wp-json\/wp\/v2\/pages"}],"about":[{"href":"https:\/\/www.iruher.com\/fr\/wp-json\/wp\/v2\/types\/page"}],"author":[{"embeddable":true,"href":"https:\/\/www.iruher.com\/fr\/wp-json\/wp\/v2\/users\/1"}],"replies":[{"embeddable":true,"href":"https:\/\/www.iruher.com\/fr\/wp-json\/wp\/v2\/comments?post=1400"}],"version-history":[{"count":3,"href":"https:\/\/www.iruher.com\/fr\/wp-json\/wp\/v2\/pages\/1400\/revisions"}],"predecessor-version":[{"id":1453,"href":"https:\/\/www.iruher.com\/fr\/wp-json\/wp\/v2\/pages\/1400\/revisions\/1453"}],"wp:attachment":[{"href":"https:\/\/www.iruher.com\/fr\/wp-json\/wp\/v2\/media?parent=1400"}],"curies":[{"name":"wp","href":"https:\/\/api.w.org\/{rel}","templated":true}]}}